{"id":67,"date":"2018-11-10T22:25:47","date_gmt":"2018-11-10T22:25:47","guid":{"rendered":"http:\/\/media.age-mgpoente.pt\/?page_id=67"},"modified":"2019-06-25T09:35:22","modified_gmt":"2019-06-25T09:35:22","slug":"sobre-nos","status":"publish","type":"page","link":"https:\/\/media.age-mgpoente.pt\/?page_id=67","title":{"rendered":"Sobre n\u00f3s"},"content":{"rendered":"<p><img loading=\"lazy\" class=\"size-full wp-image-20 alignleft\" src=\"http:\/\/media.age-mgpoente.pt\/wp-content\/uploads\/2018\/10\/mediateca-C\u00f3pia-Custom.png\" alt=\"\" width=\"150\" height=\"150\" srcset=\"https:\/\/media.age-mgpoente.pt\/wp-content\/uploads\/2018\/10\/mediateca-C\u00f3pia-Custom.png 150w, https:\/\/media.age-mgpoente.pt\/wp-content\/uploads\/2018\/10\/mediateca-C\u00f3pia-Custom-50x50.png 50w\" sizes=\"(max-width: 150px) 100vw, 150px\" \/>A Mediateca da Escola Secund\u00e1ria Eng\u00ba Ac\u00e1cio Calazans Duarte, parte integrante da RBE, e escola aLer+, tem como objetivos, entre outros: promover e consolidar h\u00e1bitos, compet\u00eancias e o prazer da leitura; incentivar a participa\u00e7\u00e3o ativa dos alunos na constru\u00e7\u00e3o aut\u00f3noma do conhecimento; disponibilizar recursos materiais\/tecnol\u00f3gicos e um fundo documental atualizado, em diferentes suportes e devidamente organizado; desenvolver nos alunos compet\u00eancias e h\u00e1bitos de trabalho baseados na consulta, tratamento e produ\u00e7\u00e3o de informa\u00e7\u00e3o em diferentes suportes; desenvolver atividades culturais e l\u00fadicas que contribuam para o enriquecimento curricular, para o desenvolvimento da sensibilidade est\u00e9tica e a ocupa\u00e7\u00e3o dos tempos livres; apoiar e orientar os alunos na aprendizagem, investiga\u00e7\u00e3o e pesquisa individual, atrav\u00e9s de um trabalho colaborativo e em equipa com os restantes professores e estruturas educativas do Agrupamento; promover atividades na \u00e1rea das literacias (digital, da informa\u00e7\u00e3o, da leitura e dos media); promover atividades que envolvam as fam\u00edlias e comunidade local.<\/p>\n","protected":false},"excerpt":{"rendered":"<p>A Mediateca da Escola Secund\u00e1ria Eng\u00ba Ac\u00e1cio Calazans Duarte, parte integrante da RBE, e escola aLer+, tem como objetivos, entre outros: promover e consolidar h\u00e1bitos, compet\u00eancias e o prazer da leitura; incentivar a participa\u00e7\u00e3o ativa dos alunos na constru\u00e7\u00e3o aut\u00f3noma do conhecimento; disponibilizar recursos materiais\/tecnol\u00f3gicos e um fundo documental atualizado, em diferentes suportes e devidamente organizado; desenvolver nos alunos compet\u00eancias e h\u00e1bitos de trabalho baseados na consulta, tratamento e produ\u00e7\u00e3o de informa\u00e7\u00e3o em diferentes suportes; desenvolver atividades culturais e l\u00fadicas que contribuam para o enriquecimento curricular, para o desenvolvimento da sensibilidade est\u00e9tica e a ocupa\u00e7\u00e3o dos tempos livres; apoiar e orientar os alunos na aprendizagem, investiga\u00e7\u00e3o e pesquisa individual, atrav\u00e9s de um trabalho colaborativo e em equipa com os restantes professores e estruturas educativas do Agrupamento; promover atividades na \u00e1rea das literacias (digital, da informa\u00e7\u00e3o, da leitura e dos media); promover atividades que envolvam as fam\u00edlias e comunidade local.<\/p>\n","protected":false},"author":2,"featured_media":0,"parent":0,"menu_order":0,"comment_status":"closed","ping_status":"closed","template":"","meta":[],"wppr_data":{"cwp_meta_box_check":"No"},"_links":{"self":[{"href":"https:\/\/media.age-mgpoente.pt\/index.php?rest_route=\/wp\/v2\/pages\/67"}],"collection":[{"href":"https:\/\/media.age-mgpoente.pt\/index.php?rest_route=\/wp\/v2\/pages"}],"about":[{"href":"https:\/\/media.age-mgpoente.pt\/index.php?rest_route=\/wp\/v2\/types\/page"}],"author":[{"embeddable":true,"href":"https:\/\/media.age-mgpoente.pt\/index.php?rest_route=\/wp\/v2\/users\/2"}],"replies":[{"embeddable":true,"href":"https:\/\/media.age-mgpoente.pt\/index.php?rest_route=%2Fwp%2Fv2%2Fcomments&post=67"}],"version-history":[{"count":6,"href":"https:\/\/media.age-mgpoente.pt\/index.php?rest_route=\/wp\/v2\/pages\/67\/revisions"}],"predecessor-version":[{"id":399,"href":"https:\/\/media.age-mgpoente.pt\/index.php?rest_route=\/wp\/v2\/pages\/67\/revisions\/399"}],"wp:attachment":[{"href":"https:\/\/media.age-mgpoente.pt\/index.php?rest_route=%2Fwp%2Fv2%2Fmedia&parent=67"}],"curies":[{"name":"wp","href":"https:\/\/api.w.org\/{rel}","templated":true}]}}